{"id":668,"date":"2021-06-02T08:18:08","date_gmt":"2021-06-02T08:18:08","guid":{"rendered":"http:\/\/beta.oceantransport.es\/?page_id=668"},"modified":"2021-06-02T08:26:30","modified_gmt":"2021-06-02T08:26:30","slug":"home","status":"publish","type":"page","link":"https:\/\/www.oceantransport.es\/ca\/","title":{"rendered":"Home"},"content":{"rendered":"<p>[vc_row css_animation=&#8221;&#8221; row_type=&#8221;row&#8221; use_row_as_full_screen_section=&#8221;no&#8221; type=&#8221;full_width&#8221; angled_section=&#8221;no&#8221; text_align=&#8221;left&#8221; background_image_as_pattern=&#8221;without_pattern&#8221; z_index=&#8221;&#8221; css=&#8221;.vc_custom_1578487088566{background-image: url(http:\/\/beta.oceantransport.es\/wp-content\/uploads\/2020\/01\/back_1.jpg?id=11) !important;}&#8221;][vc_column][vc_raw_html]JTVCcmV2X3NsaWRlciUyMGFsaWFzJTNEJTIyc2xpZGVyLWhvbWUlMjIlNUQlNUIlMkZyZXZfc2xpZGVyJTVE[\/vc_raw_html][\/vc_column][\/vc_row][vc_row css_animation=&#8221;&#8221; row_type=&#8221;row&#8221; use_row_as_full_screen_section=&#8221;no&#8221; type=&#8221;full_width&#8221; angled_section=&#8221;no&#8221; text_align=&#8221;left&#8221; background_image_as_pattern=&#8221;without_pattern&#8221; css=&#8221;.vc_custom_1582801189134{background-color: #eaeaea !important;}&#8221; z_index=&#8221;&#8221;][vc_column][vc_empty_space height=&#8221;space_120&#8243; el_class=&#8221;space_120&#8243;][vc_row_inner row_type=&#8221;row&#8221; type=&#8221;grid&#8221; text_align=&#8221;left&#8221; css_animation=&#8221;&#8221;][vc_column_inner][vc_column_text]<\/p>\n<h1 style=\"text-align: center;\">Ocean Transport<\/h1>\n<h4 style=\"text-align: center;\">Empresa transit\u00e0ria que ofereix solucions log\u00edstiques globals amb gran solidesa i m\u00e0xim comprom\u00eds, i un servei d&#8217;alta qualitat, assessorament i suport en l&#8217;exportaci\u00f3 i log\u00edstica.<\/h4>\n<p>[\/vc_column_text][\/vc_column_inner][\/vc_row_inner][vc_empty_space height=&#8221;space_120&#8243; el_class=&#8221;space_120&#8243;][\/vc_column][\/vc_row][vc_row css_animation=&#8221;&#8221; row_type=&#8221;row&#8221; use_row_as_full_screen_section=&#8221;no&#8221; type=&#8221;full_width&#8221; angled_section=&#8221;no&#8221; text_align=&#8221;left&#8221; background_image_as_pattern=&#8221;without_pattern&#8221; z_index=&#8221;&#8221; el_class=&#8221;custom_grid&#8221;][vc_column][vc_empty_space height=&#8221;space_120&#8243; el_class=&#8221;space_120&#8243;][vc_row_inner row_type=&#8221;row&#8221; type=&#8221;grid&#8221; text_align=&#8221;left&#8221; css_animation=&#8221;&#8221;][vc_column_inner][qode_elements_holder number_of_columns=&#8221;two_columns&#8221; columns_proportion=&#8221;33_66&#8243;][qode_elements_holder_item advanced_animations=&#8221;no&#8221; custom_class=&#8221;holder_izquierda&#8221;][vc_column_text]<\/p>\n<h2>On ho enviem?<\/h2>\n<p>[\/vc_column_text][vc_column_text]<\/p>\n<h3>Enviem mercaderies a qualsevol part del m\u00f3n.<\/h3>\n<p>&nbsp;<\/p>\n<h3>Especialistes en:<\/h3>\n<h4><i class=\"fa fa-check\"><\/i> Magreb<\/h4>\n<h4><i class=\"fa fa-check\"><\/i> Turquia<\/h4>\n<h4><i class=\"fa fa-check\"><\/i> Mediterr\u00e0nia<\/h4>\n<h4><i class=\"fa fa-check\"><\/i> Altres zones<\/h4>\n<p>[\/vc_column_text][vc_empty_space height=&#8221;space_30&#8243; el_class=&#8221;space_30&#8243;][vc_column_text]<a class=\"boton_1\" href=\"http:\/\/www.oceantransport.es\/on-ho-enviem\/\">M\u00e9s Informaci\u00f3<\/a>[\/vc_column_text][\/qode_elements_holder_item][qode_elements_holder_item advanced_animations=&#8221;no&#8221;][vc_single_image image=&#8221;33&#8243; img_size=&#8221;full&#8221; alignment=&#8221;center&#8221; qode_css_animation=&#8221;&#8221;][\/qode_elements_holder_item][\/qode_elements_holder][\/vc_column_inner][\/vc_row_inner][\/vc_column][\/vc_row][vc_row css_animation=&#8221;&#8221; row_type=&#8221;row&#8221; use_row_as_full_screen_section=&#8221;no&#8221; type=&#8221;full_width&#8221; angled_section=&#8221;no&#8221; text_align=&#8221;left&#8221; background_image_as_pattern=&#8221;without_pattern&#8221;][vc_column][vc_empty_space height=&#8221;space_120&#8243; el_class=&#8221;space_120&#8243;][\/vc_column][\/vc_row][vc_row css_animation=&#8221;&#8221; row_type=&#8221;row&#8221; use_row_as_full_screen_section=&#8221;no&#8221; type=&#8221;full_width&#8221; angled_section=&#8221;no&#8221; text_align=&#8221;left&#8221; background_image_as_pattern=&#8221;without_pattern&#8221; z_index=&#8221;&#8221; el_class=&#8221;custom_grid&#8221; css=&#8221;.vc_custom_1578580763245{background-color: #eaeaea !important;}&#8221;][vc_column][vc_empty_space height=&#8221;space_120&#8243; el_class=&#8221;space_120&#8243;][vc_column_text]<\/p>\n<h2 class=\"text-center\">Com ho enviem?<\/h2>\n<p>[\/vc_column_text][vc_column_text]<\/p>\n<h3 class=\"text-center\">Oferim una \u00e0mplia gamma de serveis per als teus tr\u00e0nsits:<\/h3>\n<p>[\/vc_column_text][vc_empty_space height=&#8221;space_50&#8243; el_class=&#8221;space_50&#8243;][vc_row_inner row_type=&#8221;row&#8221; type=&#8221;grid&#8221; text_align=&#8221;left&#8221; css_animation=&#8221;&#8221;][vc_column_inner el_class=&#8221;contenedor_card_como_enviem&#8221; width=&#8221;1\/4&#8243;][vc_column_text]<a class=\"card_com_enviem\" style=\"text-align: center;\" href=\"http:\/\/www.oceantransport.es\/transport-terrestre\/\"><br \/>\n<img decoding=\"async\" src=\"http:\/\/beta.oceantransport.es\/wp-content\/uploads\/2020\/01\/terrestre-300x300.png\" \/><br \/>\nTransport<br \/>\nTerrestre<\/a>[\/vc_column_text][\/vc_column_inner][vc_column_inner el_class=&#8221;contenedor_card_como_enviem&#8221; width=&#8221;1\/4&#8243;][vc_column_text]<a class=\"card_com_enviem\" style=\"text-align: center;\" href=\"http:\/\/www.oceantransport.es\/transport-maritim\/\"><br \/>\n<img decoding=\"async\" src=\"http:\/\/beta.oceantransport.es\/wp-content\/uploads\/2020\/01\/maritimo-300x300.png\" \/><br \/>\nTransport<br \/>\nMaritim<\/a>[\/vc_column_text][\/vc_column_inner][vc_column_inner el_class=&#8221;contenedor_card_como_enviem&#8221; width=&#8221;1\/4&#8243;][vc_column_text]<a class=\"card_com_enviem\" style=\"text-align: center;\" href=\"http:\/\/www.oceantransport.es\/transport-aeri\/\"><br \/>\n<img decoding=\"async\" src=\"http:\/\/beta.oceantransport.es\/wp-content\/uploads\/2020\/01\/aereo-300x300.png\" \/><br \/>\nTransport<br \/>\nAeri<\/a>[\/vc_column_text][\/vc_column_inner][vc_column_inner el_class=&#8221;contenedor_card_como_enviem&#8221; width=&#8221;1\/4&#8243;][vc_column_text]<a class=\"card_com_enviem\" style=\"text-align: center;\" href=\"http:\/\/www.oceantransport.es\/serveis\/\"><br \/>\n<img decoding=\"async\" src=\"http:\/\/beta.oceantransport.es\/wp-content\/uploads\/2020\/01\/logistica-300x300.png\" \/><br \/>\nAltres<br \/>\nServeis<\/a>[\/vc_column_text][\/vc_column_inner][\/vc_row_inner][vc_empty_space height=&#8221;space_120&#8243; el_class=&#8221;space_120&#8243;][\/vc_column][\/vc_row][vc_row css_animation=&#8221;&#8221; row_type=&#8221;row&#8221; use_row_as_full_screen_section=&#8221;no&#8221; type=&#8221;full_width&#8221; angled_section=&#8221;no&#8221; text_align=&#8221;left&#8221; background_image_as_pattern=&#8221;without_pattern&#8221; z_index=&#8221;&#8221; el_class=&#8221;custom_grid&#8221;][vc_column][vc_empty_space height=&#8221;space_120&#8243; el_class=&#8221;space_120&#8243;][vc_row_inner row_type=&#8221;row&#8221; type=&#8221;grid&#8221; text_align=&#8221;left&#8221; css_animation=&#8221;&#8221;][vc_column_inner][qode_elements_holder number_of_columns=&#8221;two_columns&#8221; columns_proportion=&#8221;66_33&#8243;][qode_elements_holder_item advanced_animations=&#8221;no&#8221;][vc_single_image image=&#8221;413&#8243; img_size=&#8221;full&#8221; alignment=&#8221;center&#8221; qode_css_animation=&#8221;&#8221;][\/qode_elements_holder_item][qode_elements_holder_item advanced_animations=&#8221;no&#8221; custom_class=&#8221;holder_derecha&#8221;][vc_column_text]<\/p>\n<h2>Qu\u00e8 oferim?<\/h2>\n<p>[\/vc_column_text][vc_column_text]<\/p>\n<h3>Solucions especialitzades<\/h3>\n<p>Ens adaptem a les necessitats dels nostres clients posant tota la nostra experi\u00e8ncia al seu servei per tal de crear un valor afegit.[\/vc_column_text][vc_empty_space height=&#8221;space_30&#8243; el_class=&#8221;space_30&#8243;][vc_column_text]<a class=\"boton_1\" href=\"http:\/\/www.oceantransport.es\/que-oferim\/\">M\u00e9s Informaci\u00f3<\/a>[\/vc_column_text][\/qode_elements_holder_item][\/qode_elements_holder][\/vc_column_inner][\/vc_row_inner][\/vc_column][\/vc_row][vc_row css_animation=&#8221;&#8221; row_type=&#8221;row&#8221; use_row_as_full_screen_section=&#8221;no&#8221; type=&#8221;full_width&#8221; angled_section=&#8221;no&#8221; text_align=&#8221;left&#8221; background_image_as_pattern=&#8221;without_pattern&#8221;][vc_column][vc_empty_space height=&#8221;space_120&#8243; el_class=&#8221;space_120&#8243;][\/vc_column][\/vc_row][vc_row css_animation=&#8221;&#8221; row_type=&#8221;row&#8221; use_row_as_full_screen_section=&#8221;no&#8221; type=&#8221;full_width&#8221; angled_section=&#8221;no&#8221; text_align=&#8221;left&#8221; background_image_as_pattern=&#8221;without_pattern&#8221; z_index=&#8221;&#8221; css=&#8221;.vc_custom_1580215169975{background-color: #e2e2e2 !important;}&#8221;][vc_column][vc_row_inner row_type=&#8221;row&#8221; type=&#8221;grid&#8221; text_align=&#8221;left&#8221; css_animation=&#8221;&#8221; el_class=&#8221;bloque_titulo_home&#8221;][vc_column_inner css=&#8221;.vc_custom_1580215158913{background-color: #e2e2e2 !important;}&#8221;][vc_empty_space height=&#8221;space_50&#8243; el_class=&#8221;space_50&#8243;][vc_column_text el_class=&#8221;bloque_titulo_cabecera_nosotros&#8221;]<\/p>\n<h2>Contacta amb nosaltres<\/h2>\n<p>[\/vc_column_text][vc_empty_space height=&#8221;space_20&#8243; el_class=&#8221;space_20&#8243;][vc_raw_html]JTVCZm9ybWlkYWJsZSUyMGlkJTNEMyU1RA==[\/vc_raw_html][vc_empty_space height=&#8221;space_50&#8243; el_class=&#8221;space_50&#8243;][\/vc_column_inner][\/vc_row_inner][\/vc_column][\/vc_row][vc_row css_animation=&#8221;&#8221; row_type=&#8221;row&#8221; use_row_as_full_screen_section=&#8221;no&#8221; type=&#8221;full_width&#8221; angled_section=&#8221;no&#8221; text_align=&#8221;left&#8221; background_image_as_pattern=&#8221;without_pattern&#8221;][vc_column][vc_raw_html]JTNDYSUyMGhyZWYlM0QlMjIlMkZjb250YWN0YSUyMiUyMGNsYXNzJTNEJTIyYm90b25fZmxvdGFudGUlMjBhbmNob3IlMjBjdXJyZW50JTIyJTNFJTNDaSUyMGNsYXNzJTNEJTIyZmElMjBmYS1lbnZlbG9wZSUyMiUzRSUzQyUyRmklM0UlM0NwJTNFQ29udGFjdGFyJTNDJTJGcCUzRSUzQyUyRmElM0U=[\/vc_raw_html][\/vc_column][\/vc_row]<\/p>\n","protected":false},"excerpt":{"rendered":"<p>[vc_row css_animation=&#8221;&#8221; row_type=&#8221;row&#8221; use_row_as_full_screen_section=&#8221;no&#8221; type=&#8221;full_width&#8221; angled_section=&#8221;no&#8221; text_align=&#8221;left&#8221; background_image_as_pattern=&#8221;without_pattern&#8221; z_index=&#8221;&#8221; css=&#8221;.vc_custom_1578487088566{background-image: url(http:\/\/beta.oceantransport.es\/wp-content\/uploads\/2020\/01\/back_1.jpg?id=11) !important;}&#8221;][vc_column][vc_raw_html]JTVCcmV2X3NsaWRlciUyMGFsaWFzJTNEJTIyc2xpZGVyLWhvbWUlMjIlNUQlNUIlMkZyZXZfc2xpZGVyJTVE[\/vc_raw_html][\/vc_column][\/vc_row][vc_row css_animation=&#8221;&#8221; row_type=&#8221;row&#8221; use_row_as_full_screen_section=&#8221;no&#8221; type=&#8221;full_width&#8221; angled_section=&#8221;no&#8221; text_align=&#8221;left&#8221; background_image_as_pattern=&#8221;without_pattern&#8221; css=&#8221;.vc_custom_1582801189134{background-color: #eaeaea !important;}&#8221; z_index=&#8221;&#8221;][vc_column][vc_empty_space height=&#8221;space_120&#8243; el_class=&#8221;space_120&#8243;][vc_row_inner row_type=&#8221;row&#8221; type=&#8221;grid&#8221; text_align=&#8221;left&#8221; css_animation=&#8221;&#8221;][vc_column_inner][vc_column_text] Ocean Transport Empresa transit\u00e0ria que ofereix solucions log\u00edstiques globals amb gran solidesa i m\u00e0xim comprom\u00eds, i<\/p>\n","protected":false},"author":1,"featured_media":0,"parent":0,"menu_order":0,"comment_status":"closed","ping_status":"closed","template":"full_width.php","meta":[],"yoast_head":"<!-- This site is optimized with the Yoast SEO plugin v21.7 - https:\/\/yoast.com\/wordpress\/plugins\/seo\/ -->\n<title>Home - OCEAN TRANSPORT<\/title>\n<meta name=\"description\" content=\"JTVCcmV2X3NsaWRlciUyMGFsaWFzJTNEJTIyc2xpZGVyLWhvbWUlMjIlNUQlNUIlMkZyZXZfc2xpZGVyJTVE Ocean Transport Empresa transit\u00e0ria que ofereix solucions log\u00edstiques\" \/>\n<meta name=\"robots\" content=\"index, follow, max-snippet:-1, max-image-preview:large, max-video-preview:-1\" \/>\n<link rel=\"canonical\" href=\"https:\/\/www.oceantransport.es\/ca\/\" \/>\n<meta property=\"og:locale\" content=\"ca_ES\" \/>\n<meta property=\"og:type\" content=\"article\" \/>\n<meta property=\"og:title\" content=\"Home - OCEAN TRANSPORT\" \/>\n<meta property=\"og:description\" content=\"JTVCcmV2X3NsaWRlciUyMGFsaWFzJTNEJTIyc2xpZGVyLWhvbWUlMjIlNUQlNUIlMkZyZXZfc2xpZGVyJTVE Ocean Transport Empresa transit\u00e0ria que ofereix solucions log\u00edstiques\" \/>\n<meta property=\"og:url\" content=\"https:\/\/www.oceantransport.es\/ca\/\" \/>\n<meta property=\"og:site_name\" content=\"OCEAN TRANSPORT\" \/>\n<meta property=\"article:modified_time\" content=\"2021-06-02T08:26:30+00:00\" \/>\n<meta property=\"og:image\" content=\"http:\/\/beta.oceantransport.es\/wp-content\/uploads\/2020\/01\/terrestre-300x300.png\" \/>\n<meta name=\"twitter:card\" content=\"summary_large_image\" \/>\n<meta name=\"twitter:label1\" content=\"Temps estimat de lectura\" \/>\n\t<meta name=\"twitter:data1\" content=\"5 minuts\" \/>\n<script type=\"application\/ld+json\" class=\"yoast-schema-graph\">{\"@context\":\"https:\/\/schema.org\",\"@graph\":[{\"@type\":\"WebPage\",\"@id\":\"https:\/\/www.oceantransport.es\/ca\/\",\"url\":\"https:\/\/www.oceantransport.es\/ca\/\",\"name\":\"Home - OCEAN TRANSPORT\",\"isPartOf\":{\"@id\":\"https:\/\/www.oceantransport.es\/ca\/#website\"},\"datePublished\":\"2021-06-02T08:18:08+00:00\",\"dateModified\":\"2021-06-02T08:26:30+00:00\",\"description\":\"JTVCcmV2X3NsaWRlciUyMGFsaWFzJTNEJTIyc2xpZGVyLWhvbWUlMjIlNUQlNUIlMkZyZXZfc2xpZGVyJTVE Ocean Transport Empresa transit\u00e0ria que ofereix solucions log\u00edstiques\",\"breadcrumb\":{\"@id\":\"https:\/\/www.oceantransport.es\/ca\/#breadcrumb\"},\"inLanguage\":\"ca\",\"potentialAction\":[{\"@type\":\"ReadAction\",\"target\":[\"https:\/\/www.oceantransport.es\/ca\/\"]}]},{\"@type\":\"BreadcrumbList\",\"@id\":\"https:\/\/www.oceantransport.es\/ca\/#breadcrumb\",\"itemListElement\":[{\"@type\":\"ListItem\",\"position\":1,\"name\":\"Inicio\",\"item\":\"https:\/\/www.oceantransport.es\/ca\/\"},{\"@type\":\"ListItem\",\"position\":2,\"name\":\"Home\"}]},{\"@type\":\"WebSite\",\"@id\":\"https:\/\/www.oceantransport.es\/ca\/#website\",\"url\":\"https:\/\/www.oceantransport.es\/ca\/\",\"name\":\"OCEAN TRANSPORT\",\"description\":\"\",\"potentialAction\":[{\"@type\":\"SearchAction\",\"target\":{\"@type\":\"EntryPoint\",\"urlTemplate\":\"https:\/\/www.oceantransport.es\/ca\/?s={search_term_string}\"},\"query-input\":\"required name=search_term_string\"}],\"inLanguage\":\"ca\"}]}<\/script>\n<!-- \/ Yoast SEO plugin. -->","yoast_head_json":{"title":"Home - OCEAN TRANSPORT","description":"JTVCcmV2X3NsaWRlciUyMGFsaWFzJTNEJTIyc2xpZGVyLWhvbWUlMjIlNUQlNUIlMkZyZXZfc2xpZGVyJTVE Ocean Transport Empresa transit\u00e0ria que ofereix solucions log\u00edstiques","robots":{"index":"index","follow":"follow","max-snippet":"max-snippet:-1","max-image-preview":"max-image-preview:large","max-video-preview":"max-video-preview:-1"},"canonical":"https:\/\/www.oceantransport.es\/ca\/","og_locale":"ca_ES","og_type":"article","og_title":"Home - OCEAN TRANSPORT","og_description":"JTVCcmV2X3NsaWRlciUyMGFsaWFzJTNEJTIyc2xpZGVyLWhvbWUlMjIlNUQlNUIlMkZyZXZfc2xpZGVyJTVE Ocean Transport Empresa transit\u00e0ria que ofereix solucions log\u00edstiques","og_url":"https:\/\/www.oceantransport.es\/ca\/","og_site_name":"OCEAN TRANSPORT","article_modified_time":"2021-06-02T08:26:30+00:00","og_image":[{"url":"http:\/\/beta.oceantransport.es\/wp-content\/uploads\/2020\/01\/terrestre-300x300.png"}],"twitter_card":"summary_large_image","twitter_misc":{"Temps estimat de lectura":"5 minuts"},"schema":{"@context":"https:\/\/schema.org","@graph":[{"@type":"WebPage","@id":"https:\/\/www.oceantransport.es\/ca\/","url":"https:\/\/www.oceantransport.es\/ca\/","name":"Home - OCEAN TRANSPORT","isPartOf":{"@id":"https:\/\/www.oceantransport.es\/ca\/#website"},"datePublished":"2021-06-02T08:18:08+00:00","dateModified":"2021-06-02T08:26:30+00:00","description":"JTVCcmV2X3NsaWRlciUyMGFsaWFzJTNEJTIyc2xpZGVyLWhvbWUlMjIlNUQlNUIlMkZyZXZfc2xpZGVyJTVE Ocean Transport Empresa transit\u00e0ria que ofereix solucions log\u00edstiques","breadcrumb":{"@id":"https:\/\/www.oceantransport.es\/ca\/#breadcrumb"},"inLanguage":"ca","potentialAction":[{"@type":"ReadAction","target":["https:\/\/www.oceantransport.es\/ca\/"]}]},{"@type":"BreadcrumbList","@id":"https:\/\/www.oceantransport.es\/ca\/#breadcrumb","itemListElement":[{"@type":"ListItem","position":1,"name":"Inicio","item":"https:\/\/www.oceantransport.es\/ca\/"},{"@type":"ListItem","position":2,"name":"Home"}]},{"@type":"WebSite","@id":"https:\/\/www.oceantransport.es\/ca\/#website","url":"https:\/\/www.oceantransport.es\/ca\/","name":"OCEAN TRANSPORT","description":"","potentialAction":[{"@type":"SearchAction","target":{"@type":"EntryPoint","urlTemplate":"https:\/\/www.oceantransport.es\/ca\/?s={search_term_string}"},"query-input":"required name=search_term_string"}],"inLanguage":"ca"}]}},"_links":{"self":[{"href":"https:\/\/www.oceantransport.es\/ca\/wp-json\/wp\/v2\/pages\/668"}],"collection":[{"href":"https:\/\/www.oceantransport.es\/ca\/wp-json\/wp\/v2\/pages"}],"about":[{"href":"https:\/\/www.oceantransport.es\/ca\/wp-json\/wp\/v2\/types\/page"}],"author":[{"embeddable":true,"href":"https:\/\/www.oceantransport.es\/ca\/wp-json\/wp\/v2\/users\/1"}],"replies":[{"embeddable":true,"href":"https:\/\/www.oceantransport.es\/ca\/wp-json\/wp\/v2\/comments?post=668"}],"version-history":[{"count":3,"href":"https:\/\/www.oceantransport.es\/ca\/wp-json\/wp\/v2\/pages\/668\/revisions"}],"predecessor-version":[{"id":675,"href":"https:\/\/www.oceantransport.es\/ca\/wp-json\/wp\/v2\/pages\/668\/revisions\/675"}],"wp:attachment":[{"href":"https:\/\/www.oceantransport.es\/ca\/wp-json\/wp\/v2\/media?parent=668"}],"curies":[{"name":"wp","href":"https:\/\/api.w.org\/{rel}","templated":true}]}}